{"id":13846,"date":"2017-12-15T07:27:14","date_gmt":"2017-12-15T07:27:14","guid":{"rendered":"http:\/\/svba.ch.quarz.ch-meta.net\/?page_id=13846"},"modified":"2018-07-11T13:00:00","modified_gmt":"2018-07-11T13:00:00","slug":"termini-e-le-condizioni","status":"publish","type":"page","link":"https:\/\/svba.ch\/it\/termini-e-le-condizioni\/","title":{"rendered":"Termini e condizioni"},"content":{"rendered":"<div class=\"fusion-fullwidth fullwidth-box fusion-builder-row-1 nonhundred-percent-fullwidth non-hundred-percent-height-scrolling\" style=\"--awb-border-radius-top-left:0px;--awb-border-radius-top-right:0px;--awb-border-radius-bottom-right:0px;--awb-border-radius-bottom-left:0px;--awb-flex-wrap:wrap;\" ><div class=\"fusion-builder-row fusion-row\"><div class=\"fusion-layout-column fusion_builder_column fusion-builder-column-0 fusion_builder_column_1_1 1_1 fusion-one-full fusion-column-first fusion-column-last\" style=\"--awb-bg-size:cover;\"><div class=\"fusion-column-wrapper fusion-flex-column-wrapper-legacy\"><div class=\"fusion-text fusion-text-1\"><h1>Termini e condizioni<\/h1>\n<\/div><div class=\"fusion-text fusion-text-2\"><p><strong>Condizioni generali di vendita per i mezzi d\u2018insegnamento<\/strong><\/p>\n<p>Del 1. Gennaio\u00a02018<\/p>\n<p><b>1. Campo d\u2018applicazione\u00a0<\/b><\/p>\n<p>I termini e le condizioni seguenti si applicano tra l\u2019ASITA e gli acquirenti del materiale didattico.<br \/>\nCon la comanda i termini e le condizioni, comprese le condizioni di spedizione vengono accettate.<br \/>\nLe condizioni che divergono dalle condizioni generale di vendita sono valevoli solo se ASITA ha espressamente accettato per iscritto le condizioni divergenti. Inoltre se certe disposizioni di queste CGV s\u2019avverano inefficaci o inapplicabili, questo non comprometter\u00e0 la validit\u00e0 delle altre disposizioni.<\/p>\n<p><b>2. \u00a0Comanda e tempi di consegna\u00a0<\/b><\/p>\n<p>L\u2019accettazione della comanda da parte di ASITA avviene unicamente con la spedizione della merce o la trasmissione di dati appropriati.<br \/>\nLa merce comandata \u00e8 generalmente consegnata in un lasso di tempo da 2 a 5 giorni feriali. Per far si che i clienti possano essere contattati in caso di ritardo nella consegna \u00e8 indispensabile fornire il proprio indirizzo e-mail.<\/p>\n<p><b>3. Prezzi<\/b><\/p>\n<p>Tutti i prezzi comprendono l\u2019IVA e sono in franchi svizzeri. Le variazioni di prezzo sono espressamente riservate.<br \/>\n<b><\/b><\/p>\n<p><b>4. Costi di spedizione<\/b><\/p>\n<p>Le spedizioni in tutta la Svizzera e nel Principato del Liechtenstein sono gratuite a partire da un valore di comanda di CHF 150.00. Per le spedizioni di comande di un valore inferiore, le spese di spedizione verranno calcolate in modo forfettario.<br \/>\n<b><\/b><\/p>\n<p><b>5. Mezzi di pagamento<\/b><\/p>\n<p>In Svizzera e nel Principato del Liechtenstein, il pagamento in franchi svizzeri pu\u00f2 essere effettuato tramite carta di credito o prepagamento. La fattura verr\u00e0 inviata immediatamente dopo la ricezione della comanda, in PDF all\u2019indirizzo mail indicato. Non verr\u00e0 fornita nessuna fattura cartacea. Dopo la ricezione del pagamento il trattamento delle comanda avviene in un lasso di tempo di 7 giorni feriali.<\/p>\n<p><b>6. In caso di mancato pagamento<\/b><\/p>\n<p>Le fatture sono pagabili senza deduzioni nei 30 giorni che seguono la fatturazione. Per eventuali deduzioni o richiami verranno fatturati dei costi aggiuntivi. Se un cliente \u00e8 in ritardo con il saldo, ASITA si riserva il diritto di applicare degli interessi al tasso legale (articolo 104 CO).<\/p>\n<p><b>7. Riserva di propriet\u00e0<\/b><\/p>\n<p>L\u2019ASITA resta proprietaria del materiale fino al saldo di tutti i pagamenti del contratto. In caso di mancato pagamento ASITA ha il diritto di rescindere il contratto e recuperare il materiale.<\/p>\n<p><b>8. Diritto di restituzione<\/b><\/p>\n<p>Un ritorno \u00e8 possibile solo in caso di difetti di produzione o materiale sbagliato. I difetti devono essere segnalati entro 10 giorni dalla consegna e la sostituzione \u00e8 gratuita. Per il materiale digitale (CD-ROM, banche dati, E-Books, Apps ecc.) nessuna sostituzione \u00e8 possibile.<\/p>\n<p><b>9. Media digitali (E-Books, Apps, banche dati, materiale didattico<\/b><\/p>\n<p><b>A. Condizioni generali per i media digitali<\/b><\/p>\n<p>L\u2019ASITA si riserva il diritto di interrompere la disponibilit\u00e0 di un testo in formato digitale in ogni momento. Se il testo non \u00e8 pi\u00f9 disponibile tra il momento dell\u2019acquisto sul sito e l\u2019attivazione, il cliente ha diritto al rimborso entro 30 giorni dopo il reclamo per iscritto all\u2019ASITA. Concernenti le applicazioni che funzionano off-line, gi\u00e0 scaricate e installate, i dati e i testi pubblicati restano disponibile sui tablet o computer del cliente anche dopo la fine della commercializzazione. Un rimborso del prezzo d\u2019acquisto \u00e8 escluso in ogni caso, anche se i dati sono stati cancellati dal cliente o a seguito di un aggiornamento del programma o del sistema operativo e non possono pi\u00f9 essere utilizzati. L\u2019ASITA e i suoi partner editoriali non possono garantire che le applicazioni funzionino su tutti gli apparecchi. La stampa e la duplicazione dei testi non \u00e8 possibile.<br \/>\n<b><\/b><\/p>\n<p><b>B. Materiale pedagogico<\/b><\/p>\n<p>Per certi testi pubblicati \u00e8 disponibile del materiale pedagogico supplementare. La sua utilizzazione \u00e8 gratuita ma parzialmente protetta da un login. L\u2019ASITA si riserva il diritto di modificare in ogni momento la connessione o di interrompere la disponibilit\u00e0 di questo materiale. I materiali pedagogici possono essere utilizzati, copiati o modificati per un uso non commerciale (ad es. scuole private) in virt\u00f9 delle disposizioni legali (LDA). La referenza all\u2019 ASITA come autore non pu\u00f2 essere cancellata. Qualsiasi utilizzo del contenuto a fine commerciale deve essere richiesto per iscritto all\u2019ASITA.<br \/>\nLa messa in linea su siti Web, anche del materiale pedagogico e autorizzata solamente su reti intranet non commerciali (scuole private) in virt\u00f9 delle disposizioni legali (LDA), non possono essere accessibili al pubblico a partire da una rete Web internet. In particolare nessun documento, programma o sito Web ASITA pu\u00f2 essere copiato o offerto su un altro server.<\/p>\n<p><b>10. Copyright<\/b><\/p>\n<p>Le pubblicazioni sono protette dalla legge sui diritti d\u2019autore (LDA). Ogni uso al difuori dei limiti dei diritti d\u2019autore \u00e8 vietato e punibile dalla legge. Senza autorizzazione scritta, il loro contenuto non pu\u00f2 essere duplicato o utilizzato in nessun modo, ne completamente ne solo parzialmente. Questo si applica in particolar modo alla duplicazione, alla traduzione, alla microfilmatura, allo stoccaggio e al trattamento nell\u2019ambito di sistemi elettronici.<br \/>\n<b><\/b><\/p>\n<p><b>11. Esclusione di responsabilit\u00e0<\/b><\/p>\n<p>Per il contenuto dei testi e del sito Web dell\u2019ASITA, nessuna responsabilit\u00e0 viene accettata per l\u2019esaustivit\u00e0 o l\u2019esattezza e per il contenuto di collegamenti esterni diretti o indiretti. Il contenuto dei siti Web \u00e8 di responsabilit\u00e0 esclusiva dei singoli operatori. L\u2019ASITA non si assume nessuna responsabilit\u00e0 per i danni diretti o indiretti causati dalle informazioni o contenuti dei siti collegati.<br \/>\n<b><\/b><\/p>\n<p><b>12. Protezione dei dati<\/b><\/p>\n<p>L\u2019ASITA raccoglie, elabora e memorizza i dati dei clienti personali internamente e presso i suoi partner editoriali incaricati della spedizione allo scopo di eseguire gli ordini effettuati, le informazioni sul rapporto commerciale, la protezione dei reclami finanziari (controllo del credito) e l\u2019adempimento dei requisiti legali.<\/p>\n<p><b>13. Foro giuridico e legge applicabile<\/b><\/p>\n<p>Il foro giuridico \u00e8 la residenza del presidente dell\u2019ASITA. Solo il diritto svizzero prevale.<\/p>\n<p><b>14. Entrata in vigore<\/b><\/p>\n<p>Questi termini e condizioni si applicano a partire dal 1. Gennaio 2018.<\/p>\n<\/div><div class=\"fusion-clearfix\"><\/div><\/div><\/div><\/div><\/div>\n","protected":false},"excerpt":{"rendered":"","protected":false},"author":3479,"featured_media":0,"parent":0,"menu_order":0,"comment_status":"closed","ping_status":"closed","template":"","meta":{"footnotes":""},"_links":{"self":[{"href":"https:\/\/svba.ch\/it\/wp-json\/wp\/v2\/pages\/13846"}],"collection":[{"href":"https:\/\/svba.ch\/it\/wp-json\/wp\/v2\/pages"}],"about":[{"href":"https:\/\/svba.ch\/it\/wp-json\/wp\/v2\/types\/page"}],"author":[{"embeddable":true,"href":"https:\/\/svba.ch\/it\/wp-json\/wp\/v2\/users\/3479"}],"replies":[{"embeddable":true,"href":"https:\/\/svba.ch\/it\/wp-json\/wp\/v2\/comments?post=13846"}],"version-history":[{"count":11,"href":"https:\/\/svba.ch\/it\/wp-json\/wp\/v2\/pages\/13846\/revisions"}],"predecessor-version":[{"id":17884,"href":"https:\/\/svba.ch\/it\/wp-json\/wp\/v2\/pages\/13846\/revisions\/17884"}],"wp:attachment":[{"href":"https:\/\/svba.ch\/it\/wp-json\/wp\/v2\/media?parent=13846"}],"curies":[{"name":"wp","href":"https:\/\/api.w.org\/{rel}","templated":true}]}}