{"id":12612,"date":"2017-10-12T12:05:26","date_gmt":"2017-10-12T12:05:26","guid":{"rendered":"http:\/\/svba.ch.quarz.ch-meta.net\/?page_id=12612"},"modified":"2025-08-08T10:51:59","modified_gmt":"2025-08-08T09:51:59","slug":"diventare-membro","status":"publish","type":"page","link":"https:\/\/svba.ch\/it\/diventare-membro\/","title":{"rendered":"Iscrizione"},"content":{"rendered":"<p><div class=\"fusion-fullwidth fullwidth-box fusion-builder-row-1 nonhundred-percent-fullwidth non-hundred-percent-height-scrolling\" style=\"--awb-border-radius-top-left:0px;--awb-border-radius-top-right:0px;--awb-border-radius-bottom-right:0px;--awb-border-radius-bottom-left:0px;--awb-padding-right:10px;--awb-padding-left:10px;--awb-flex-wrap:wrap;\" ><div class=\"fusion-builder-row fusion-row\"><div class=\"fusion-layout-column fusion_builder_column fusion-builder-column-0 fusion_builder_column_1_1 1_1 fusion-one-full fusion-column-first fusion-column-last\" style=\"--awb-bg-size:cover;\"><div class=\"fusion-column-wrapper fusion-flex-column-wrapper-legacy\"><div class=\"fusion-text fusion-text-1\"><h1 style=\"margin-top: 0px;\">Diventare membro<\/h1>\n<p><strong>Per ordinare materiale didattico, registratevi esclusivamente tramite questo link nello <a href=\"https:\/\/shop.svba.ch\/it\/web\/signup\">shop del materiale didattico!<\/a><\/strong><\/p>\n<\/div><div class=\"fusion-clearfix\"><\/div><\/div><\/div><\/div><\/div><div class=\"fusion-fullwidth fullwidth-box fusion-builder-row-2 nonhundred-percent-fullwidth non-hundred-percent-height-scrolling\" style=\"--awb-background-position:left top;--awb-border-radius-top-left:0px;--awb-border-radius-top-right:0px;--awb-border-radius-bottom-right:0px;--awb-border-radius-bottom-left:0px;--awb-padding-top:0px;--awb-padding-right:0px;--awb-padding-bottom:60px;--awb-padding-left:0px;--awb-border-sizes-top:0px;--awb-border-sizes-bottom:0px;--awb-flex-wrap:wrap;\" ><div class=\"fusion-builder-row fusion-row\"><div class=\"fusion-layout-column fusion_builder_column fusion-builder-column-1 fusion_builder_column_1_1 1_1 fusion-one-full fusion-column-first fusion-column-last fusion-column-no-min-height\" style=\"--awb-bg-size:cover;--awb-margin-bottom:0px;\"><div class=\"fusion-column-wrapper fusion-flex-column-wrapper-legacy\"><div class=\"fusion-tabs fusion-tabs-1 classic vertical-tabs icon-position-left mobile-mode-accordion\" style=\"--awb-title-border-radius-top-left:0px;--awb-title-border-radius-top-right:0px;--awb-title-border-radius-bottom-right:0px;--awb-title-border-radius-bottom-left:0px;--awb-alignment:start;--awb-inactive-color:#f1f2f2;--awb-background-color:#ffffff;--awb-border-color:#ebeaea;--awb-active-border-color:#e63329;\"><div class=\"nav\"><ul class=\"nav-tabs\" role=\"tablist\"><li class=\"active\" role=\"presentation\"><a class=\"tab-link\" data-toggle=\"tab\" role=\"tab\" aria-controls=\"tab-c757492a5509787aad6\" aria-selected=\"true\" id=\"fusion-tab-nuovimembri\" href=\"#tab-c757492a5509787aad6\"><h4 class=\"fusion-tab-heading\">Nuovi membri<\/h4><\/a><\/li><\/ul><\/div><div class=\"tab-content\"><div class=\"nav fusion-mobile-tab-nav\"><ul class=\"nav-tabs\" role=\"tablist\"><li class=\"active\" role=\"presentation\"><a class=\"tab-link\" data-toggle=\"tab\" role=\"tab\" aria-controls=\"tab-c757492a5509787aad6\" aria-selected=\"true\" id=\"mobile-fusion-tab-nuovimembri\" href=\"#tab-c757492a5509787aad6\"><h4 class=\"fusion-tab-heading\">Nuovi membri<\/h4><\/a><\/li><\/ul><\/div><div class=\"tab-pane fade fusion-clearfix in active\" role=\"tabpanel\" tabindex=\"0\" aria-labelledby=\"fusion-tab-nuovimembri\" id=\"tab-c757492a5509787aad6\">\n<p style=\"padding-top: 20px; text-align: left;\"><em>Volete diventare membri dell\u2019ASITA?<\/em><\/p>\n<p style=\"text-align: left;\"><strong>Estratto degli statuti<\/strong><\/p>\n<p style=\"text-align: left;\">Possono fare parte dell\u2019associazione i seguenti membri: gli insegnanti titolari e incaricati, che dispensano corsi teorici di tecnica automobilistica in una struttura pubblica e nell\u2019ambito delle professioni del ramo automobilistico.<\/p>\n<p style=\"text-align: left;\">L\u2019adesione \u00e8 decisa dall\u2019Assemblea Generale su proposta del comitato.<\/p>\n<div class=\"wlm_regform_improved wlm_show_new_regform\"><form onsubmit=\"return false\" class=\"wlm_regform_toggle\"><label><input type=\"radio\" name=\"regtype\" value=\"wlm_show_existing_regform\"> Ho un account esistente<\/label><label><input type=\"radio\" name=\"regtype\" value=\"wlm_show_new_regform\" checked=\"checked\"> Sono un nuovo utente<\/label><\/form><div class=\"wlm_regform_container wlm_regform_new_user\"><form method=\"post\" id=\"frm_new_user_reg\" action=\"https:\/\/svba.ch\/wishlist-member\/?reg=1513517141\"><input type=\"hidden\" name=\"wlm_form_id\" value=\"CUSTOMREGFORM-056721400-1513518543\" \/><input type=\"hidden\" name=\"action\" value=\"wpm_register\" \/><input type=\"hidden\" name=\"wpm_id\" value=\"1513517141\" \/><input type=\"hidden\" name=\"cookiehash\" value=\"a:2:{i:0;s:32:&quot;042a373e5f955f22f46634ea19a001d3&quot;;i:1;i:1777045855;}\" \/><input type=\"hidden\" name=\"orig_firstname\" value=\"\" \/><input type=\"hidden\" name=\"orig_lastname\" value=\"\" \/><input type=\"hidden\" name=\"orig_email\" value=\"\" \/><input type=\"hidden\" name=\"reg_page\" value=\"https:\/\/svba.ch\/it\/diventare-membro\/\" \/><div class=\"wlm_regform_div wlm_registration wlm_regform_2col\"><div class=\"wlm_form_group wlm_form_paragraph\"><h4>Tutti i campi sono obbligatori e devono essere completati.<\/h4><\/div><div class=\"wlm_form_group  wlm_required_field\"><label for=\"wlm_username_field\" class=\"wlm_form_label\" id=\"wlm_username_label\"><span class=\"wlm_label_text\" id=\"wlm_username_text\">Nome utente:<\/span><\/label><input class=\"fld wlm_input_text\" id=\"wlm_username_field\"  type=\"text\" name=\"username\" size=\"25\" value=\"\"><p class=\"wlm_field_description\"><\/p><\/div><div class=\"wlm_form_group  wlm_required_field\"><label for=\"wlm_firstname_field\" class=\"wlm_form_label\" id=\"wlm_firstname_label\"><span class=\"wlm_label_text\" id=\"wlm_firstname_text\">Nome:<\/span><\/label><input class=\"fld wlm_input_text\" id=\"wlm_firstname_field\"  type=\"text\" name=\"firstname\" size=\"25\" value=\"\"><p class=\"wlm_field_description\"><\/p><\/div><div class=\"wlm_form_group  wlm_required_field\"><label for=\"wlm_lastname_field\" class=\"wlm_form_label\" id=\"wlm_lastname_label\"><span class=\"wlm_label_text\" id=\"wlm_lastname_text\">Cognome:<\/span><\/label><input class=\"fld wlm_input_text\" id=\"wlm_lastname_field\"  type=\"text\" name=\"lastname\" size=\"25\" value=\"\"><p class=\"wlm_field_description\"><\/p><\/div><div class=\"wlm_form_group  wlm_required_field\"><label for=\"wlm_jahrgang_field\" class=\"wlm_form_label\" id=\"wlm_jahrgang_label\"><span class=\"wlm_label_text\" id=\"wlm_jahrgang_text\">Data di nascita:<\/span><\/label><input class=\"fld wlm_input_text\" id=\"wlm_jahrgang_field\"  type=\"text\" name=\"jahrgang\" size=\"\" value=\"\"><p class=\"wlm_field_description\"><\/p><\/div><div class=\"wlm_form_group \"><label for=\"wlm_schule_lernender_field\" class=\"wlm_form_label\" id=\"wlm_schule_lernender_label\"><span class=\"wlm_label_text\" id=\"wlm_schule_lernender_text\">Scuola:<\/span><\/label><select class=\"fld\"  name=\"schule_lernender\" value=\"-\"><option value=\"-\">-<\/option><option value=\"Altdorf, Berufs- und Weiterbildungszentrum Uri\">Altdorf, Berufs- und Weiterbildungszentrum Uri<\/option><option value=\"Baden, Berufsfachschule BBB\">Baden, Berufsfachschule BBB<\/option><option value=\"Basel, Allgemeine Gewerbeschule\">Basel, Allgemeine Gewerbeschule<\/option><option value=\"Bern, gibb Berufsfachschule Bern\">Bern, gibb Berufsfachschule Bern<\/option><option value=\"Biasca, CPB Centro Professionale\">Biasca, CPB Centro Professionale<\/option><option value=\"Biel, Berufsbildungszentrum\">Biel, Berufsbildungszentrum<\/option><option value=\"Bienne, CFP\">Bienne, CFP<\/option><option value=\"Buchs, Berufs- und Weiterbildungszentrum bzb\">Buchs, Berufs- und Weiterbildungszentrum bzb<\/option><option value=\"Burgdorf, bzemme\">Burgdorf, bzemme<\/option><option value=\"Chur, Gewerbliche Berufsschule\">Chur, Gewerbliche Berufsschule<\/option><option value=\"Dielsdorf, Pestalozzi Jugendst\u00e4tte Burghof\">Dielsdorf, Pestalozzi Jugendst\u00e4tte Burghof<\/option><option value=\"Freiburg, Gewerbliche und Industrielle Berufsschule\">Freiburg, Gewerbliche und Industrielle Berufsschule<\/option><option value=\"Fribourg, EPAI\">Fribourg, EPAI<\/option><option value=\"Goldau, Berufsbildungszentrum\">Goldau, Berufsbildungszentrum<\/option><option value=\"Lausanne, EPSIC\">Lausanne, EPSIC<\/option><option value=\"Lausanne, ETML\">Lausanne, ETML<\/option><option value=\"Le Locle, CIFOM-ET\">Le Locle, CIFOM-ET<\/option><option value=\"Lenzburg, Berufsschule\">Lenzburg, Berufsschule<\/option><option value=\"Liestal, Berufsbildungszentrum Baselland\">Liestal, Berufsbildungszentrum Baselland<\/option><option value=\"Luzern, Berufsbildungszentrum\">Luzern, Berufsbildungszentrum<\/option><option value=\"Niederuzwil, Berufs- &amp; Weiterbildungszentrum Wil-Uzwil\">Niederuzwil, Berufs- &amp; Weiterbildungszentrum Wil-Uzwil<\/option><option value=\"Petit-Lancy, CFP UPSA-GE\">Petit-Lancy, CFP UPSA-GE<\/option><option value=\"Petit-Lancy, CFPT\">Petit-Lancy, CFPT<\/option><option value=\"Porrentruy, CPP\">Porrentruy, CPP<\/option><option value=\"Pr\u00eales, EPP\/Foyer d'\u00e9ducation\">Pr\u00eales, EPP\/Foyer d'\u00e9ducation<\/option><option value=\"Samedan, Gewerbliche Berufsfachschule\">Samedan, Gewerbliche Berufsfachschule<\/option><option value=\"Schaffhausen, Berufsbildungszentrum\">Schaffhausen, Berufsbildungszentrum<\/option><option value=\"Sion, EPTM\">Sion, EPTM<\/option><option value=\"Solothurn, Gewerblich-Industrielle Berufsfachschule\">Solothurn, Gewerblich-Industrielle Berufsfachschule<\/option><option value=\"Stans, Berufsfachschule Nidwalden\">Stans, Berufsfachschule Nidwalden<\/option><option value=\"Thun, Berufsbildungszentrum IDM\">Thun, Berufsbildungszentrum IDM<\/option><option value=\"Visp, Berufsfachschule Oberwallis\">Visp, Berufsfachschule Oberwallis<\/option><option value=\"Weinfelden, Gewerbliches Bildungszentrum\">Weinfelden, Gewerbliches Bildungszentrum<\/option><option value=\"Wetzikon, Gewerbliche Berufsschule\">Wetzikon, Gewerbliche Berufsschule<\/option><option value=\"Winterthur, STF Winterthur\">Winterthur, STF Winterthur<\/option><option value=\"Winterthur, Berufsbildungsschule\">Winterthur, Berufsbildungsschule<\/option><option value=\"Yverdon-les-Bains, CF UVG\">Yverdon-les-Bains, CF UVG<\/option><option value=\"Ziegelbr\u00fccke, Gewerblich-Industrielle Berufsfachschule Kanton Glarus\">Ziegelbr\u00fccke, Gewerblich-Industrielle Berufsfachschule Kanton Glarus<\/option><option value=\"Zofingen, BSZ Zofingen\">Zofingen, BSZ Zofingen<\/option><option value=\"Zug, Gewerblich-industrielles Bildungszentrum\">Zug, Gewerblich-industrielles Bildungszentrum<\/option><option value=\"Z\u00fcrich, Berufsfachschule f\u00fcr H\u00f6rgesch\u00e4digte\">Z\u00fcrich, Berufsfachschule f\u00fcr H\u00f6rgesch\u00e4digte<\/option><option value=\"Z\u00fcrich, TBZ Automobiltechnik\">Z\u00fcrich, TBZ Automobiltechnik<\/option><\/select><p class=\"wlm_field_description\"><\/p><\/div><div class=\"wlm_form_group wlm_form_section_header\">Dati professionali<\/div><div class=\"wlm_form_group  wlm_required_field\"><label for=\"wlm_Adresse_G_field\" class=\"wlm_form_label\" id=\"wlm_Adresse_G_label\"><span class=\"wlm_label_text\" id=\"wlm_Adresse_G_text\">Indirizzo professionale:<\/span><\/label><input class=\"fld wlm_input_text\" id=\"wlm_Adresse_G_field\"  type=\"text\" name=\"Adresse_G\" size=\"20\" value=\"\"><p class=\"wlm_field_description\"><\/p><\/div><div class=\"wlm_form_group  wlm_required_field\"><label for=\"wlm_plz_g_field\" class=\"wlm_form_label\" id=\"wlm_plz_g_label\"><span class=\"wlm_label_text\" id=\"wlm_plz_g_text\">NPA professionale:<\/span><\/label><input class=\"fld wlm_input_text\" id=\"wlm_plz_g_field\"  type=\"text\" name=\"plz_g\" size=\"20\" value=\"\"><p class=\"wlm_field_description\"><\/p><\/div><div class=\"wlm_form_group  wlm_required_field\"><label for=\"wlm_ort_g_field\" class=\"wlm_form_label\" id=\"wlm_ort_g_label\"><span class=\"wlm_label_text\" id=\"wlm_ort_g_text\">Localit\u00e0 professionale:<\/span><\/label><input class=\"fld wlm_input_text\" id=\"wlm_ort_g_field\"  type=\"text\" name=\"ort_g\" size=\"20\" value=\"\"><p class=\"wlm_field_description\"><\/p><\/div><div class=\"wlm_form_group  wlm_required_field\"><label for=\"wlm_telefon_g_field\" class=\"wlm_form_label\" id=\"wlm_telefon_g_label\"><span class=\"wlm_label_text\" id=\"wlm_telefon_g_text\">Telefono professionale:<\/span><\/label><input class=\"fld wlm_input_text\" id=\"wlm_telefon_g_field\"  type=\"text\" name=\"telefon_g\" size=\"20\" value=\"\"><p class=\"wlm_field_description\"><\/p><\/div><div class=\"wlm_form_group \"><label for=\"wlm_direktwahl_g_field\" class=\"wlm_form_label\" id=\"wlm_direktwahl_g_label\"><span class=\"wlm_label_text\" id=\"wlm_direktwahl_g_text\">Linea diretta professionale:<\/span><\/label><input class=\"fld wlm_input_text\" id=\"wlm_direktwahl_g_field\"  type=\"text\" name=\"direktwahl_g\" size=\"20\" value=\"\"><p class=\"wlm_field_description\"><\/p><\/div><div class=\"wlm_form_group  wlm_required_field\"><label for=\"wlm_email_field\" class=\"wlm_form_label\" id=\"wlm_email_label\"><span class=\"wlm_label_text\" id=\"wlm_email_text\">E-Mail professionale:<\/span><\/label><input class=\"fld wlm_input_text\" id=\"wlm_email_field\"  type=\"email\" name=\"email\" size=\"25\" value=\"\"><p class=\"wlm_field_description\"><\/p><\/div><div class=\"wlm_form_group wlm_form_section_header\">Dati personali<\/div><div class=\"wlm_form_group  wlm_required_field\"><label for=\"wlm_adresse_p_field\" class=\"wlm_form_label\" id=\"wlm_adresse_p_label\"><span class=\"wlm_label_text\" id=\"wlm_adresse_p_text\">Adresse Privato:<\/span><\/label><input class=\"fld wlm_input_text\" id=\"wlm_adresse_p_field\"  type=\"text\" name=\"adresse_p\" size=\"20\" value=\"\"><p class=\"wlm_field_description\"><\/p><\/div><div class=\"wlm_form_group  wlm_required_field\"><label for=\"wlm_plz_p_field\" class=\"wlm_form_label\" id=\"wlm_plz_p_label\"><span class=\"wlm_label_text\" id=\"wlm_plz_p_text\">NPA Privato:<\/span><\/label><input class=\"fld wlm_input_text\" id=\"wlm_plz_p_field\"  type=\"text\" name=\"plz_p\" size=\"20\" value=\"\"><p class=\"wlm_field_description\"><\/p><\/div><div class=\"wlm_form_group  wlm_required_field\"><label for=\"wlm_ort_p_field\" class=\"wlm_form_label\" id=\"wlm_ort_p_label\"><span class=\"wlm_label_text\" id=\"wlm_ort_p_text\">Localit\u00e0 Privato:<\/span><\/label><input class=\"fld wlm_input_text\" id=\"wlm_ort_p_field\"  type=\"text\" name=\"ort_p\" size=\"20\" value=\"\"><p class=\"wlm_field_description\"><\/p><\/div><div class=\"wlm_form_group  wlm_required_field\"><label for=\"wlm_telefon_p_field\" class=\"wlm_form_label\" id=\"wlm_telefon_p_label\"><span class=\"wlm_label_text\" id=\"wlm_telefon_p_text\">Telefono Privato:<\/span><\/label><input class=\"fld wlm_input_text\" id=\"wlm_telefon_p_field\"  type=\"text\" name=\"telefon_p\" size=\"20\" value=\"\"><p class=\"wlm_field_description\"><\/p><\/div><div class=\"wlm_form_group  wlm_required_field\"><label for=\"wlm_natel_p_field\" class=\"wlm_form_label\" id=\"wlm_natel_p_label\"><span class=\"wlm_label_text\" id=\"wlm_natel_p_text\">Mobile Privato:<\/span><\/label><input class=\"fld wlm_input_text\" id=\"wlm_natel_p_field\"  type=\"text\" name=\"natel_p\" size=\"20\" value=\"\"><p class=\"wlm_field_description\"><\/p><\/div><div class=\"wlm_form_group  wlm_required_field\"><label for=\"wlm_email_p_field\" class=\"wlm_form_label\" id=\"wlm_email_p_label\"><span class=\"wlm_label_text\" id=\"wlm_email_p_text\">E-Mail Privato:<\/span><\/label><input class=\"fld wlm_input_text\" id=\"wlm_email_p_field\"  type=\"text\" name=\"email_p\" size=\"20\" value=\"\"><p class=\"wlm_field_description\"><\/p><\/div><div class=\"wlm_form_group  wlm_required_field\"><label for=\"wlm_ausbildung_field\" class=\"wlm_form_label\" id=\"wlm_ausbildung_label\"><span class=\"wlm_label_text\" id=\"wlm_ausbildung_text\">Formazione professionale:<\/span><\/label><input class=\"fld wlm_input_text\" id=\"wlm_ausbildung_field\"  type=\"text\" name=\"ausbildung\" size=\"30\" value=\"\"><p class=\"wlm_field_description\"><\/p><\/div><div class=\"wlm_form_group  wlm_required_field\"><label for=\"wlm_ahv_field\" class=\"wlm_form_label\" id=\"wlm_ahv_label\"><span class=\"wlm_label_text\" id=\"wlm_ahv_text\">AVS:<\/span><\/label><input class=\"fld wlm_input_text\" id=\"wlm_ahv_field\"  type=\"text\" name=\"ahv\" size=\"16\" value=\"\"><p class=\"wlm_field_description\"><\/p><\/div><div class=\"wlm_form_group  wlm_required_field\"><label for=\"wlm_iban_field\" class=\"wlm_form_label\" id=\"wlm_iban_label\"><span class=\"wlm_label_text\" id=\"wlm_iban_text\">IBAN:<\/span><\/label><input class=\"fld wlm_input_text\" id=\"wlm_iban_field\"  type=\"text\" name=\"iban\" size=\"35\" value=\"\"><p class=\"wlm_field_description\"><\/p><\/div><div class=\"wlm_form_group \"><label for=\"wlm_Sprache_field\" class=\"wlm_form_label\" id=\"wlm_Sprache_label\"><span class=\"wlm_label_text\" id=\"wlm_Sprache_text\">Lingua:<\/span><\/label><select class=\"fld\"  name=\"Sprache\"><option value=\"d\">d<\/option><option value=\"f\">f<\/option><option value=\"i\" selected=\"selected\">i<\/option><\/select><p class=\"wlm_field_description\"><\/p><\/div><div class=\"wlm_form_group wlm_required_field\"><label for=\"wlm_password_field1\" class=\"wlm_form_label\" id=\"wlm_password_label\"><span class=\"wlm_label_text\" id=\"wlm_password_text\">Password (inserisci due volte):<\/span><\/label><input class=\"fld wlm_input_text\" id=\"wlm_password_field1\" name=\"password1\" type=\"password\"><input class=\"fld wlm_input_text wlm_password_field2\" id=\"wlm_password_field2\" name=\"password2\" type=\"password\"><p class=\"wlm_field_description\">Si prega di inserire la password due volte. Deve essere lungo 8 caratteri.<\/p><\/div><p class=\"submit\"><input class=\"submit\" id=\"wlm_submit_button\" type=\"submit\" value=\"Registrazione completa\" \/><\/p><input  type=\"hidden\" name=\"Funktion\" value=\"\"><input  type=\"hidden\" name=\"Kom\" value=\"\"><input  type=\"hidden\" name=\"Status\" value=\"\"><input  type=\"hidden\" name=\"Bemerkung\" value=\"\"><input  type=\"hidden\" name=\"Anmeldung\" value=\"\"><input  type=\"hidden\" name=\"Gast_GV\" value=\"\"><input  type=\"hidden\" name=\"Mitgl_GV\" value=\"\"><input  type=\"hidden\" name=\"Passivmitglied\" value=\"\"><input  type=\"hidden\" name=\"Austritt\" value=\"\"><input  type=\"hidden\" name=\"Pension\" value=\"\"><input  type=\"hidden\" name=\"Tod_Dat\" value=\"\"><input type=\"hidden\" name=\"custom_fields\" value=\"firstname,lastname,jahrgang,schule_lernender,Adresse_G,plz_g,ort_g,telefon_g,direktwahl_g,adresse_p,plz_p,ort_p,telefon_p,natel_p,email_p,ausbildung,ahv,iban,Sprache,Funktion,Kom,Status,Bemerkung,Anmeldung,Gast_GV,Mitgl_GV,Passivmitglied,Austritt,Pension,Tod_Dat,\" \/><input type=\"hidden\" name=\"required_fields\" value=\"firstname,lastname,jahrgang,Adresse_G,plz_g,ort_g,telefon_g,adresse_p,plz_p,ort_p,telefon_p,natel_p,email_p,ausbildung,ahv,iban\" \/><\/div><\/form><\/div><form method=\"post\" action=\"https:\/\/svba.ch\/wishlist-member\/?reg=1513517141&existing=1\"><input type=\"hidden\" name=\"action\" value=\"wpm_register_existing\" \/><input type=\"hidden\" name=\"cookiehash\" value=\"a:2:{i:0;s:32:&quot;042a373e5f955f22f46634ea19a001d3&quot;;i:1;i:1777045855;}\" \/><input type=\"hidden\" name=\"wpm_id\" value=\"1513517141\" \/><input type=\"hidden\" name=\"reg_page\" value=\"https:\/\/svba.ch\/it\/diventare-membro\/\" \/><div class=\"wlm_regform_container wlm_regform_existing_user\"><div class=\"wlm_regform_div wlm_registration wlm_regform_2col wlm_regform_improved\"><div class=\"wlm_form_group\"><label for=\"wlm_exist_username_field\" class=\"wlm_form_label wlm_required_field\" id=\"wlm_username_label\"><span class=\"wlm_label_text\" id=\"wlm_exist_username_text\">Nome utente:<\/span><\/label><input class=\"fld wlm_input_text\" id=\"wlm_exist_username_field\" name=\"username\" type=\"text\"><p class=\"wlm_field_description\"><\/p><\/div><div class=\"wlm_form_group\"><label for=\"wlm_exist_password_field\" class=\"wlm_form_label wlm_required_field\" id=\"wlm_password_label\"><span class=\"wlm_label_text\" id=\"wlm_exist_password_text\">Parola d'ordine:<\/span><\/label><input class=\"fld wlm_input_text\" id=\"wlm_exist_password_field\" name=\"password\" type=\"password\"><\/div><p class=\"forgotpassword\"><a href=\"https:\/\/svba.ch\/it\/il-mio-account\/lost-password\/\" target=\"_blank\">Forgot Password?<\/a><\/p><p class=\"submit\"><input class=\"submit\" id=\"wlm_exist_submit_button\" type=\"submit\" value=\"Accesso\" \/><\/p><\/div><\/div><\/form><\/div>\n<\/div><\/div><\/div><div class=\"fusion-clearfix\"><\/div><\/div><\/div><\/div><\/div><\/p>\n","protected":false},"excerpt":{"rendered":"","protected":false},"author":3479,"featured_media":0,"parent":0,"menu_order":0,"comment_status":"closed","ping_status":"closed","template":"","meta":{"footnotes":""},"_links":{"self":[{"href":"https:\/\/svba.ch\/it\/wp-json\/wp\/v2\/pages\/12612"}],"collection":[{"href":"https:\/\/svba.ch\/it\/wp-json\/wp\/v2\/pages"}],"about":[{"href":"https:\/\/svba.ch\/it\/wp-json\/wp\/v2\/types\/page"}],"author":[{"embeddable":true,"href":"https:\/\/svba.ch\/it\/wp-json\/wp\/v2\/users\/3479"}],"replies":[{"embeddable":true,"href":"https:\/\/svba.ch\/it\/wp-json\/wp\/v2\/comments?post=12612"}],"version-history":[{"count":20,"href":"https:\/\/svba.ch\/it\/wp-json\/wp\/v2\/pages\/12612\/revisions"}],"predecessor-version":[{"id":107867,"href":"https:\/\/svba.ch\/it\/wp-json\/wp\/v2\/pages\/12612\/revisions\/107867"}],"wp:attachment":[{"href":"https:\/\/svba.ch\/it\/wp-json\/wp\/v2\/media?parent=12612"}],"curies":[{"name":"wp","href":"https:\/\/api.w.org\/{rel}","templated":true}]}}