{"id":12610,"date":"2017-10-12T11:54:59","date_gmt":"2017-10-12T11:54:59","guid":{"rendered":"http:\/\/svba.ch.quarz.ch-meta.net\/?page_id=12610"},"modified":"2017-12-17T15:05:42","modified_gmt":"2017-12-17T15:05:42","slug":"regolamento-organizzativo","status":"publish","type":"page","link":"https:\/\/svba.ch\/it\/regolamento-organizzativo\/","title":{"rendered":"Regolamento organizzativo"},"content":{"rendered":"<div class=\"fusion-fullwidth fullwidth-box fusion-builder-row-1 nonhundred-percent-fullwidth non-hundred-percent-height-scrolling\" style=\"--awb-background-position:left top;--awb-border-radius-top-left:0px;--awb-border-radius-top-right:0px;--awb-border-radius-bottom-right:0px;--awb-border-radius-bottom-left:0px;--awb-padding-top:0px;--awb-padding-right:20px;--awb-padding-bottom:0px;--awb-padding-left:20px;--awb-border-sizes-top:0px;--awb-border-sizes-bottom:0px;--awb-flex-wrap:wrap;\" ><div class=\"fusion-builder-row fusion-row\"><div class=\"fusion-layout-column fusion_builder_column fusion-builder-column-0 fusion_builder_column_1_1 1_1 fusion-one-full fusion-column-first fusion-column-last fusion-column-no-min-height\" style=\"--awb-padding-bottom:40px;--awb-bg-size:cover;--awb-margin-bottom:0px;\"><div class=\"fusion-column-wrapper fusion-flex-column-wrapper-legacy\"><div class=\"fusion-text fusion-text-1\"><h1>Regolamento organizzativo della commissione dei mezzi didattici<\/h1>\n<p><strong>Parte 1 Generalit\u00e0<\/strong><\/p>\n<p><strong>1.1 Basi<\/strong><br \/>\nI compiti, le riunioni, le competenze e doveri delle commissione dei mezzi didattici sono regolamentati dagli statuti. ( di seguito chiamato regolamento) Il comitato dell\u2019associazione pu\u00f2 affidare la gestione degli affari alla commissione o a dei terzi e formare delle altre commissioni. L\u2019adozione del regolamento della commissione \u00e8 avvallata dall\u2019assemblea generale.<\/p>\n<p><strong>1.2 Scopo della commissione MD<\/strong><br \/>\nLa commissione dei mezzi didatti sostiene i membri dell\u2019associazione nella loro attivit\u00e0 professionale, mentre elaborano dei testi didattici e cura i testi d\u2019insegnamento dell\u2019ASITA.<\/p>\n<p><strong>1.3 Principi<\/strong><br \/>\nLa commissione dei mezzi didattici lavora in tutta autonomia e con una cassa separata. Essa svolge la sua attivit\u00e0 a favore di tutti i membri e lavora in modo produttivo, di modo che i membri dell\u2019ASITA possano approfittare senza dover caricare materialmente e finanziariamente la cassa dell\u2019associazione . Essi lavorano in modo trasparente e presentano i loro conti all\u2019assemblea generale ordinaria. I conti dei mezzi didattici vengono controllati dai revisori dell\u2019associazione. Tutti i membri della commissione devono dare delle informazioni ai membri del comitato centrale.<\/p>\n<p>&nbsp;<\/p>\n<p><strong>Parte 2 Direzione della commissione MD<\/strong><\/p>\n<p><strong>2.1 Elezione dei membri della commissione da parte del comitato<\/strong><br \/>\nIl presidente della commissione dei mezzi didattici (capo del servizio) \u00e8 eletto dall\u2019assemblea generale. Gli altri membri sono eletti dal comitato centrale. Possono essere nominati solo membri affiliati all\u2019associazione. Il capo servizio delle essere membro del comitato centrale.<\/p>\n<p><strong>2.2 Composizione della commissione MD<\/strong><br \/>\nLa commissione dei mezzi didattici si compone di un presidente (capo servizio) e da membri. I tre gruppi linguistici sono rappresentati in modo equo nella commissione. Per altre necessit\u00e0 la commissione si costituisce essa stessa. I membri del comitato centrale sono eleggibili in seno alla commissione, ma non come revisore dei conti.<\/p>\n<p><strong>2.3 Durata del mandato<\/strong><br \/>\nLa durata del mandato della commissione \u00e8 di almeno un anno; essa \u00e8 determinata di caso in caso. La rielezione \u00e8 autorizzata senza limite. I nuovi membri eletti nel corso del mandato rilevano il mandato del loro predecessore. Il capo servizio ha la possibilit\u00e0 di chiedere l\u2019ammissione di nuovi membri che dovranno poi essere nominati dal comitato centrale.<\/p>\n<p><strong>2.4 Convocazioni e decisioni<\/strong><br \/>\nIl capo servizio convoca le riunioni della commissione ogni qualvolta che le esigenze lo richiedono e fissa l\u2019ordine del giorno in accordo con gli altri membri. In pi\u00f9 ogni membro pu\u00f2 chiedere al capo servizio di convocare senza dilazione una riunione, con la riserva di indicarne i motivi. La commissione prende le proprie decisioni con la maggioranza semplice dei votanti presenti. In caso di parit\u00e0 il presidente decide.<\/p>\n<p>&nbsp;<\/p>\n<p><strong>Parte 3 Diritti e doveri della commissione MD<\/strong><\/p>\n<p><strong>3.1 Doveri generici<\/strong><br \/>\nLa commissione dei mezzi didattici pianifica, organizza ed elabora sotto la propria responsabilit\u00e0 i mezzi ausiliari d\u2019insegnamento necessari ed utili per i membri dell\u2019associazione. L\u2019editore di questi mezzi didattici d\u2019insegnamento \u00e8 l\u2019ASITA, alla quale appartengono tutti i diritti di queste opere. La commissione MD gestisce ed \u00e8 responsabile dell\u2019insieme dei mezzi didattici ASITA e tiene la propria cassa. Essa pu\u00f2 delegare dei lavori parziali a dei terzi che non sono membri della commissione, ne membri dell\u2019associazione, ad esempio la contabilit\u00e0, la stampa e la diffusione dei mezzi didattici. La commissione dei MD \u00e8 responsabile di tutti i compiti che gli sono stati affidati edelegati. I membri della commissione dei mezzi d\u2019insegnamento svolgono il loro mandato difendendo sempre gli interessi dell\u2019associazione.<\/p>\n<p><strong>3.2 Doveri d\u2019informazione<\/strong><br \/>\nIl capo servizio informa regolarmente il comitato centrale dell\u2019associazione. Alle assemblee generali, il capo servizio presenta un rapporto sulle attivit\u00e0 della commissione. Ogni membro del comitato centrale pu\u00f2 chiedere delle informazioni su tutti gli affari della commissione dei mezzi didattici.<\/p>\n<p><strong>3.3 Contabilit\u00e0<\/strong><br \/>\nLa commissione dei mezzi didattici tiene la sua propria contabilit\u00e0 e la sua propria cassa. La contabilit\u00e0 \u00e8 tenuta con il metodo commerciale corrente. La commissione stabilisce un preventivo annuale e ne rispetta le cifre. I conti annuali dovranno essere sottoposti all\u2019assemblea generale e devono essere visionati dai revisori. La commissione dei mezzi didattici lavora con un fine lucrativo e propone all\u2019assemblea generale una mozione concernente l\u2019utilizzo del risultato del bilancio (guadagno). La determinazione di fondi finanziari supplementari al di fuori dagli obiettivi dell\u2019associazione \u00e8 compito della commissione dei mezzi didattici.<\/p>\n<p><strong>3.4 Indennit\u00e0<\/strong><br \/>\nI membri della commissione mezzi didattici ricevono per le loro prestazioni una indennit\u00e0 corrispondente all\u2019attivit\u00e0 svolta. L\u2019indennizzo \u00e8 determinato in funzione del tempo impiegato e su indicazioni del comitato centrale. Le spese correnti saranno pagate separatamente. Il pagamento viene effettuato dal cassiere MD.<\/p>\n<p>&nbsp;<\/p>\n<p><strong>Parte 4 Compiti della commissione MD e comitato centrale<\/strong><\/p>\n<p><strong>4.1 Compiti generali<\/strong><br \/>\nIl comitato centrale assegna la direzione di tutti i lavori inerenti i mezzi didattici della commissione MD. Altre competenze del comitato centrale sono indicate alla cifra 4.4. La commissione MD deve svolgere in modo particolare i seguenti compiti:<\/p>\n<p>\u2022 prepara e propone nuovo materiale d\u2019insegnamento<br \/>\n\u2022 acquisisce nuovi progetti didattici<br \/>\n\u2022 \u00e8 responsabile per la stampa e la distribuzione di nuovo materiale didattico<br \/>\n\u2022 coordina la traduzione di nuovi testi didattici<br \/>\n\u2022 allestisce il preventivo e i conti annuali<br \/>\n\u2022 verifica il rispetto del preventivo<br \/>\n\u2022 fornisce i mezzi per concretizzare i progetti<br \/>\n\u2022 presenta all\u2019assemblea generale ordinaria dell\u2019ASITA i conti annuali dei mezzi didattici e presenta pure un rapporto<br \/>\n\u2022 allestisce un quaderno dei compiti per i membri della commissione mezzi didattici<br \/>\n\u2022 organizza dei gruppi di lavoro e pu\u00f2 delegare dei compiti a dei terzi<br \/>\n\u2022 pu\u00f2 fornire delle altre prestazioni per i membri<\/p>\n<p><strong>4.2 Attribuzione dei compiti al presidente<\/strong><br \/>\nIl presidente della commissione mezzi didattici \u00e8 responsabile per la preparazione e la conduzione delle riunioni della commissione mezzi didattici. Egli sorveglia l\u2019attivit\u00e0 corrente della commissione mezzi didattici e presiede le riunioni della commissione.<\/p>\n<p><strong>4.3 Competenze della commissione MD<\/strong><br \/>\nLa commissione MD pu\u00f2 se necessario e nel quadro delle sue possibilit\u00e0 finanziarie, per i lavori di segretariato e nell\u2019amministrazione dei mezzi didattici impiegare una persona a tempo parziale. Il compenso per questo tempo parziale \u00e8 compito della commissione MD. Questo impiego deve essere accettato dal comitato centrale.<\/p>\n<p><strong>4.4 Compiti del comitato centrale<\/strong><br \/>\nIn relazione con tutti i mezzi d\u2019insegnamento, il comitato centrale possiede anche le competenze seguenti:<br \/>\n\u2022 elezione dei membri della commissione MD ( escluso il capo servizio)<br \/>\n\u2022 approvazione dei progetti<br \/>\n\u2022 autorizzazione dei crediti<br \/>\n\u2022 gestire le indennit\u00e0 dei membri della commissione MD<br \/>\n\u2022 approvazione di un impiego a tempo parziale o a tempo pieno approvato dalla commissione MD<br \/>\n\u2022 decreta la disposizione d\u2019esecuzione concernente il presente regolamento<\/p>\n<p>&nbsp;<\/p>\n<p><strong>Parte 5 Rapporto<\/strong><\/p>\n<p><strong>5.1 Rapporto al comitato centrale<\/strong><br \/>\nLa commissione MD \u00e8 responsabile per una regolare immediata orientazione nei confronti del comitato dell\u2019ASITA . In modo particolare per quanto riguarda il preventivo, i risultati trimestrali, i conti annuali ed i progetti dei mezzi d\u2019insegnamento. Il rapporto viene fatto generalmente oralmente o per iscritto su richiesta formale del comitato centrale. In pi\u00f9 la commissione MD \u00e8 tenuta ad informare immediatamente il presidente del comitato centrale di tutti gli eventi particolari e di eventuali misure intraprese.<\/p>\n<p><strong>5.2 Rapporto all\u2019assemblea generale<\/strong><br \/>\nAll\u2019assemblea generale ordinaria il presidente o un rappresentante della commissione MD orienta sui conti annuali e sui progetti di mezzi didattici in corso.<\/p>\n<p>&nbsp;<\/p>\n<p><strong>Parte 6 Rappresentanza della commissione MD<\/strong><\/p>\n<p><strong>6.1 Autorizzazione di firma<\/strong><br \/>\nLa commissione MD agisce come organo collettivo. I suoi membri non hanno nessuna competenza personale, fin tanto che le decisioni non ne derogano. La commissione MD regola le autorizzazioni di firma per la rappresentanza verso l\u2019esterno, sapendo che il capo servizio possiede la firma collettiva a due con un altro membro della commissione MD.<\/p>\n<p>&nbsp;<\/p>\n<p><strong>Parte 7 Gestione dei conti<\/strong><\/p>\n<p><strong>7.1 Cassa dei mezzi didattici<\/strong><br \/>\nLa commissione MD gestisce una propria cassa separata dall\u2019ASITA e ne \u00e8 responsabile dell\u2019amministrazione. La commissione MD designa un cassiere responsabile e allestisce per lui un quaderno dei compiti con incarichi e competenze.<\/p>\n<p><strong>7.2 Conti annuali<\/strong><br \/>\nLa commissione dei MD allestisce un proprio bilancio contabile annuale. I conti annuali sono stabiliti secondo i principi di base della contabilit\u00e0 regolamentare, in modo che la situazione finanziaria possa essere valuta nel modo pi\u00f9 esatto possibile. La contabilit\u00e0 regolamentare \u00e8 tenuta rispettando i principi d\u2019integrit\u00e0, di chiarezza, e di rapida verifica. Per i nuovi progetti bisogna allestire dei preventivi. Per il resto, vale il principio della contabilit\u00e0 commerciale.<\/p>\n<p><strong>7.3 Organo di controllo<\/strong><br \/>\nLa commissione dei MD consegna i conti annuali per il controllo all\u2019ASITA. I revisori verificano e approvano se la contabilit\u00e0 e i conti annuali sono esatti. La commissione MD trasmette ai revisori tutta la documentazione necessaria e fornisce pure tutte le informazioni utili. I revisori allestiscono un rapporto scritto per l\u2019assemblea generale sui risultati delle loro verifiche. Raccomandano lo scarico dei conti annuali con o senza riduzioni o riserve.<\/p>\n<p><strong>7.4 Approvazione dei conti annuali dall\u2019assemblea generale<\/strong><br \/>\nI conti annuali della commissione MD devono essere approvati dall\u2019assemblea generale dell\u2019ASITA. L\u2019assemblea generale prende una decisione in merito all\u2019impiego dell\u2019utile del bilancio, tenendo conto che almeno la met\u00e0 dell\u2019utile deve essere impiegato per dei nuovi progetti. Il comitato centrale fa delle proposte concernenti l\u2019impiego dell\u2019utile.<\/p>\n<p>&nbsp;<\/p>\n<p><strong>Parte 8 Entrata in vigore e modifiche del regolamento<\/strong><\/p>\n<p><strong>8.1 Entrata in vigore<\/strong><br \/>\nQuesto regolamento \u00e8 valido dopo l\u2019approvazione dell\u2019assemblea generale.<\/p>\n<p><strong>8.2 Modifiche del regolamento<\/strong><br \/>\nLa modifica del regolamento \u00e8 sottomessa a una decisione dell\u2019assemblea generale.<\/p>\n<p><strong>8.3 Disposizioni d\u2019esecuzione<\/strong><br \/>\nIl comitato centrale dell\u2019ASITA pu\u00f2 in ogni tempo decretare delle disposizioni d\u2019esecuzione concernenti questo regolamento. L\u2019annullamento del presente regolamento \u00e8 di competenza dell\u2019assemblea generale.<\/p>\n<p>Genehmigt und in Kraft gesetzt an der Generalversammlung:<br \/>\nSarmenstorf, den 05.09.2008<\/p>\n<p>Der Pr\u00e4sident: Markus B\u00fcttler<br \/>\nDer Aktuar: Andreas Lerch<\/p>\n<p>Dieses Organisationsreglement ersetzt die Fassung 11.09.1999<\/p>\n<\/div><div class=\"fusion-sep-clear\"><\/div><div class=\"fusion-separator fusion-full-width-sep\" style=\"margin-left: auto;margin-right: auto;margin-top:5px;margin-bottom:5px;width:100%;\"><\/div><div class=\"fusion-sep-clear\"><\/div><div class=\"fusion-clearfix\"><\/div><\/div><\/div><\/div><\/div>\n","protected":false},"excerpt":{"rendered":"","protected":false},"author":3479,"featured_media":0,"parent":0,"menu_order":0,"comment_status":"closed","ping_status":"closed","template":"100-width.php","meta":{"footnotes":""},"_links":{"self":[{"href":"https:\/\/svba.ch\/it\/wp-json\/wp\/v2\/pages\/12610"}],"collection":[{"href":"https:\/\/svba.ch\/it\/wp-json\/wp\/v2\/pages"}],"about":[{"href":"https:\/\/svba.ch\/it\/wp-json\/wp\/v2\/types\/page"}],"author":[{"embeddable":true,"href":"https:\/\/svba.ch\/it\/wp-json\/wp\/v2\/users\/3479"}],"replies":[{"embeddable":true,"href":"https:\/\/svba.ch\/it\/wp-json\/wp\/v2\/comments?post=12610"}],"version-history":[{"count":2,"href":"https:\/\/svba.ch\/it\/wp-json\/wp\/v2\/pages\/12610\/revisions"}],"predecessor-version":[{"id":14004,"href":"https:\/\/svba.ch\/it\/wp-json\/wp\/v2\/pages\/12610\/revisions\/14004"}],"wp:attachment":[{"href":"https:\/\/svba.ch\/it\/wp-json\/wp\/v2\/media?parent=12610"}],"curies":[{"name":"wp","href":"https:\/\/api.w.org\/{rel}","templated":true}]}}