{"id":12543,"date":"2017-10-12T07:04:35","date_gmt":"2017-10-12T07:04:35","guid":{"rendered":"http:\/\/svba.ch.quarz.ch-meta.net\/?page_id=12543"},"modified":"2026-02-11T12:12:26","modified_gmt":"2026-02-11T11:12:26","slug":"formation-continue","status":"publish","type":"page","link":"https:\/\/svba.ch\/fr\/formation-continue\/","title":{"rendered":"Formation continue"},"content":{"rendered":"<p><div class=\"fusion-fullwidth fullwidth-box fusion-builder-row-1 nonhundred-percent-fullwidth non-hundred-percent-height-scrolling\" style=\"--awb-border-radius-top-left:0px;--awb-border-radius-top-right:0px;--awb-border-radius-bottom-right:0px;--awb-border-radius-bottom-left:0px;--awb-margin-bottom:0px;--awb-flex-wrap:wrap;\" ><div class=\"fusion-builder-row fusion-row\"><div class=\"fusion-layout-column fusion_builder_column fusion-builder-column-0 fusion_builder_column_1_1 1_1 fusion-one-full fusion-column-first fusion-column-last\" style=\"--awb-bg-size:cover;\"><div class=\"fusion-column-wrapper fusion-flex-column-wrapper-legacy\"><div class=\"fusion-text fusion-text-1\"><h1 style=\"margin-top: 0px;\">Formation continue<\/h1>\n<p>La technologie automobile se d\u00e9veloppe tr\u00e8s rapidement. Le premier airbag a \u00e9t\u00e9 pr\u00e9sent\u00e9 par Mercedes-Benz sous forme d&#8217;option en 1981, et aujourd&#8217;hui de nombreux syst\u00e8mes li\u00e9s \u00e0 la s\u00e9curit\u00e9 sont standard ou m\u00eame requis par la loi.<br \/>\nM\u00eame avec la technologie d&#8217;entra\u00eenement, l&#8217;\u00e9volution se poursuit. L&#8217;\u00e9lectrification du moteur automobile bat son plein, qui sait quelle \u00e9nergie nous allons utiliser pour alimenter nos v\u00e9hicules dans 20 ans?<\/p>\n<p>L&#8217;ASETA permet \u00e0 ses membres de poursuivre leur formation professionnelle et p\u00e9dagogique.<br \/>\nElle organise des cours de perfectionnement, qui sont pr\u00e9cis\u00e9ment adapt\u00e9s aux besoins des enseignants des \u00e9coles professionnelles pour la technologie automobile.<br \/>\nCela garantit que les membres re\u00e7oivent une formation de pointe.<\/p>\n<p>En tant qu&#8217;amplificateur, les enseignants des \u00e9coles professionnelles transmettent ces connaissances actuelles dans l&#8217;enseignement professionnel, de mani\u00e8re didactique et selon les derni\u00e8res approches p\u00e9dagogiques pour les apprenants.<\/p>\n<\/div><div class=\"fusion-clearfix\"><\/div><\/div><\/div><\/div><\/div><div class=\"fusion-fullwidth fullwidth-box fusion-builder-row-2 nonhundred-percent-fullwidth non-hundred-percent-height-scrolling\" style=\"--awb-border-radius-top-left:0px;--awb-border-radius-top-right:0px;--awb-border-radius-bottom-right:0px;--awb-border-radius-bottom-left:0px;--awb-margin-bottom:0px;--awb-flex-wrap:wrap;\" ><div class=\"fusion-builder-row fusion-row\"><div class=\"fusion-layout-column fusion_builder_column fusion-builder-column-1 fusion_builder_column_1_2 1_2 fusion-one-half fusion-column-first\" style=\"--awb-bg-size:cover;width:50%;width:calc(50% - ( ( 4% ) * 0.5 ) );margin-right: 4%;\"><div class=\"fusion-column-wrapper fusion-column-has-shadow fusion-flex-column-wrapper-legacy\"><div class=\"fusion-image-element in-legacy-container\" style=\"--awb-caption-title-font-family:var(--h2_typography-font-family);--awb-caption-title-font-weight:var(--h2_typography-font-weight);--awb-caption-title-font-style:var(--h2_typography-font-style);--awb-caption-title-size:var(--h2_typography-font-size);--awb-caption-title-transform:var(--h2_typography-text-transform);--awb-caption-title-line-height:var(--h2_typography-line-height);--awb-caption-title-letter-spacing:var(--h2_typography-letter-spacing);\"><span class=\" fusion-imageframe imageframe-none imageframe-1 hover-type-none\"><img decoding=\"async\" width=\"400\" height=\"225\" alt=\"Automobil-Mechatroniker_-in_EFZ_Fachrichtung_NFZ\" title=\"Automobil-Mechatroniker_-in_EFZ_Fachrichtung_NFZ\" src=\"https:\/\/svba.ch\/wp-content\/uploads\/2017\/11\/Automobil-Mechatroniker_-in_EFZ_Fachrichtung_NFZ-400x225.jpg\" class=\"img-responsive wp-image-12818\" srcset=\"https:\/\/svba.ch\/wp-content\/uploads\/2017\/11\/Automobil-Mechatroniker_-in_EFZ_Fachrichtung_NFZ-200x113.jpg 200w, https:\/\/svba.ch\/wp-content\/uploads\/2017\/11\/Automobil-Mechatroniker_-in_EFZ_Fachrichtung_NFZ-400x225.jpg 400w, https:\/\/svba.ch\/wp-content\/uploads\/2017\/11\/Automobil-Mechatroniker_-in_EFZ_Fachrichtung_NFZ-600x338.jpg 600w, https:\/\/svba.ch\/wp-content\/uploads\/2017\/11\/Automobil-Mechatroniker_-in_EFZ_Fachrichtung_NFZ.jpg 800w\" sizes=\"(max-width: 800px) 100vw, 600px\" \/><\/span><\/div><div class=\"fusion-clearfix\"><\/div><\/div><\/div><div class=\"fusion-layout-column fusion_builder_column fusion-builder-column-2 fusion_builder_column_1_2 1_2 fusion-one-half fusion-column-last\" style=\"--awb-padding-top:40px;--awb-bg-size:cover;width:50%;width:calc(50% - ( ( 4% ) * 0.5 ) );\"><div class=\"fusion-column-wrapper fusion-column-has-shadow fusion-flex-column-wrapper-legacy\"><div class=\"fusion-text fusion-text-2\"><h1 class=\"fusion-responsive-typography-calculated\" style=\"text-align: center; --fontsize: 35; line-height: 1.5;\" data-fontsize=\"35\" data-lineheight=\"52.5px\">&nbsp;<\/h1>\n<h1 class=\"fusion-responsive-typography-calculated\" style=\"text-align: center; --fontsize: 35; line-height: 1.5;\" data-fontsize=\"35\" data-lineheight=\"52.5px\"><a href=\"https:\/\/svba.ch\/fr\/formation-continue\/hydrau\/\"><strong>Cours hydraulique poids-lourds <\/strong><\/a><\/h1>\n<h2 class=\"fusion-responsive-typography-calculated\" style=\"text-align: center; --fontsize: 35; line-height: 1.5;\" data-fontsize=\"35\" data-lineheight=\"52.5px\">&nbsp;<\/h2>\n<\/div><div class=\"fusion-clearfix\"><\/div><\/div><\/div><\/div><\/div><div class=\"fusion-fullwidth fullwidth-box fusion-builder-row-3 nonhundred-percent-fullwidth non-hundred-percent-height-scrolling\" style=\"--awb-border-radius-top-left:0px;--awb-border-radius-top-right:0px;--awb-border-radius-bottom-right:0px;--awb-border-radius-bottom-left:0px;--awb-margin-bottom:0px;--awb-flex-wrap:wrap;\" ><div class=\"fusion-builder-row fusion-row\"><div class=\"fusion-layout-column fusion_builder_column fusion-builder-column-3 fusion_builder_column_1_2 1_2 fusion-one-half fusion-column-first\" style=\"--awb-padding-top:40px;--awb-bg-size:cover;width:48%; margin-right: 4%;\"><div class=\"fusion-column-wrapper fusion-column-has-shadow fusion-flex-column-wrapper-legacy\"><div class=\"fusion-clearfix\"><\/div><\/div><\/div><div class=\"fusion-layout-column fusion_builder_column fusion-builder-column-4 fusion_builder_column_1_2 1_2 fusion-one-half fusion-column-last\" style=\"--awb-bg-size:cover;width:48%;\"><div class=\"fusion-column-wrapper fusion-column-has-shadow fusion-flex-column-wrapper-legacy\"><div class=\"fusion-clearfix\"><\/div><\/div><\/div><\/div><\/div><\/p>\n","protected":false},"excerpt":{"rendered":"","protected":false},"author":3479,"featured_media":0,"parent":0,"menu_order":0,"comment_status":"closed","ping_status":"closed","template":"100-width.php","meta":{"footnotes":""},"_links":{"self":[{"href":"https:\/\/svba.ch\/fr\/wp-json\/wp\/v2\/pages\/12543"}],"collection":[{"href":"https:\/\/svba.ch\/fr\/wp-json\/wp\/v2\/pages"}],"about":[{"href":"https:\/\/svba.ch\/fr\/wp-json\/wp\/v2\/types\/page"}],"author":[{"embeddable":true,"href":"https:\/\/svba.ch\/fr\/wp-json\/wp\/v2\/users\/3479"}],"replies":[{"embeddable":true,"href":"https:\/\/svba.ch\/fr\/wp-json\/wp\/v2\/comments?post=12543"}],"version-history":[{"count":91,"href":"https:\/\/svba.ch\/fr\/wp-json\/wp\/v2\/pages\/12543\/revisions"}],"predecessor-version":[{"id":108411,"href":"https:\/\/svba.ch\/fr\/wp-json\/wp\/v2\/pages\/12543\/revisions\/108411"}],"wp:attachment":[{"href":"https:\/\/svba.ch\/fr\/wp-json\/wp\/v2\/media?parent=12543"}],"curies":[{"name":"wp","href":"https:\/\/api.w.org\/{rel}","templated":true}]}}