{"id":108403,"date":"2026-02-11T11:55:06","date_gmt":"2026-02-11T10:55:06","guid":{"rendered":"https:\/\/svba.ch\/?page_id=108403"},"modified":"2026-02-11T11:55:29","modified_gmt":"2026-02-11T10:55:29","slug":"hydrau","status":"publish","type":"page","link":"https:\/\/svba.ch\/fr\/formation-continue\/hydrau\/","title":{"rendered":"Cours hydraulique poids lourds \/ Cours ASETA 2026-35"},"content":{"rendered":"<p><div class=\"fusion-fullwidth fullwidth-box fusion-builder-row-1 nonhundred-percent-fullwidth non-hundred-percent-height-scrolling\" style=\"--awb-border-radius-top-left:0px;--awb-border-radius-top-right:0px;--awb-border-radius-bottom-right:0px;--awb-border-radius-bottom-left:0px;--awb-padding-top:20px;--awb-padding-bottom:20px;--awb-margin-top:50px;--awb-margin-bottom:0px;--awb-flex-wrap:wrap;\" ><div class=\"fusion-builder-row fusion-row\"><div class=\"fusion-layout-column fusion_builder_column fusion-builder-column-0 fusion_builder_column_1_1 1_1 fusion-one-full fusion-column-first fusion-column-last\" style=\"--awb-bg-color:rgba(145,242,104,0.78);--awb-bg-color-hover:rgba(145,242,104,0.78);--awb-bg-size:cover;\" data-scroll-devices=\"small-visibility,medium-visibility,large-visibility\"><div class=\"fusion-column-wrapper fusion-column-has-shadow fusion-flex-column-wrapper-legacy\"><div class=\"fusion-text fusion-text-1\"><h2 style=\"--fontsize: 40; line-height: 1.45;\">Cours hydraulique poids lourds \/ Cours ASETA 2026-35<\/h2>\n<\/div><div class=\"fusion-clearfix\"><\/div><\/div><\/div><\/div><\/div><div class=\"fusion-fullwidth fullwidth-box fusion-builder-row-2 nonhundred-percent-fullwidth non-hundred-percent-height-scrolling\" style=\"--awb-border-radius-top-left:0px;--awb-border-radius-top-right:0px;--awb-border-radius-bottom-right:0px;--awb-border-radius-bottom-left:0px;--awb-padding-top:45px;--awb-padding-right:30px;--awb-padding-bottom:30px;--awb-padding-left:30px;--awb-flex-wrap:wrap;\" ><div class=\"fusion-builder-row fusion-row\"><div class=\"fusion-layout-column fusion_builder_column fusion-builder-column-1 fusion_builder_column_1_4 1_4 fusion-one-fourth fusion-column-first fusion-column-no-min-height\" style=\"--awb-bg-position:center center;--awb-bg-size:cover;--awb-margin-bottom:0px;width:22%; margin-right: 4%;\"><div class=\"fusion-column-wrapper fusion-flex-column-wrapper-legacy\"><div class=\"fusion-text fusion-text-2\"><p><strong>Date<\/strong><\/p>\n<\/div><div class=\"fusion-clearfix\"><\/div><\/div><\/div><div class=\"fusion-layout-column fusion_builder_column fusion-builder-column-2 fusion_builder_column_3_4 3_4 fusion-three-fourth fusion-column-last fusion-column-no-min-height\" style=\"--awb-bg-position:center center;--awb-bg-size:cover;width:74%;\" id=\"datelist\"><div class=\"fusion-column-wrapper fusion-flex-column-wrapper-legacy\"><div class=\"fusion-text fusion-text-3\"><p>le jeudi 21 mai 2026 (en cas de succ\u00e8s : date de r\u00e9serve ve. 22 mai)<\/p>\n<\/div><div class=\"fusion-clearfix\"><\/div><\/div><\/div><div class=\"fusion-layout-column fusion_builder_column fusion-builder-column-3 fusion_builder_column_1_4 1_4 fusion-one-fourth fusion-column-first fusion-column-no-min-height\" style=\"--awb-bg-position:center center;--awb-bg-size:cover;--awb-margin-bottom:0px;width:22%; margin-right: 4%;\"><div class=\"fusion-column-wrapper fusion-flex-column-wrapper-legacy\"><div class=\"fusion-text fusion-text-4\"><p><strong>Objectifs du cours\u00a0: <\/strong><\/p>\n<\/div><div class=\"fusion-clearfix\"><\/div><\/div><\/div><div class=\"fusion-layout-column fusion_builder_column fusion-builder-column-4 fusion_builder_column_3_4 3_4 fusion-three-fourth fusion-column-last fusion-column-no-min-height\" style=\"--awb-bg-position:center center;--awb-bg-size:cover;width:74%;\"><div class=\"fusion-column-wrapper fusion-flex-column-wrapper-legacy\"><div class=\"fusion-text fusion-text-5\"><p>Le programme est le suivant :<\/p>\n<p>o Conception d\u2019un circuit hydraulique \u00ab poids lourd \u00bb<\/p>\n<p>o Type de pompe couramment utilis\u00e9<\/p>\n<p>o Type de montage (prise de force moteur, boite de vitesse, \u2026)<\/p>\n<p>o Fonctionnement syst\u00e8me avec pompe \u00e0 cylindr\u00e9e fixe<\/p>\n<p>o Fonctionnement syst\u00e8me avec pompe \u00e0 cylindr\u00e9e variable (LS)<\/p>\n<p>o R\u00e9servoir, \u00e0 quoi faire attention<\/p>\n<p>o Mise en service du syst\u00e8me hydraulique<\/p>\n<p>o Exemple de sch\u00e9ma hydraulique<\/p>\n<\/div><div class=\"fusion-clearfix\"><\/div><\/div><\/div><div class=\"fusion-layout-column fusion_builder_column fusion-builder-column-5 fusion_builder_column_1_4 1_4 fusion-one-fourth fusion-column-first fusion-column-no-min-height\" style=\"--awb-bg-position:center center;--awb-bg-size:cover;--awb-margin-bottom:0px;width:22%; margin-right: 4%;\"><div class=\"fusion-column-wrapper fusion-flex-column-wrapper-legacy\"><div class=\"fusion-text fusion-text-6\"><p><strong>Lieu de formation<\/strong><\/p>\n<\/div><div class=\"fusion-clearfix\"><\/div><\/div><\/div><div class=\"fusion-layout-column fusion_builder_column fusion-builder-column-6 fusion_builder_column_3_4 3_4 fusion-three-fourth fusion-column-last fusion-column-no-min-height\" style=\"--awb-bg-position:center center;--awb-bg-size:cover;width:74%;\"><div class=\"fusion-column-wrapper fusion-flex-column-wrapper-legacy\"><div class=\"fusion-text fusion-text-7\"><p>FormaTec S\u00e0rl<\/p>\n<p>Chemin de la Clopette 14<\/p>\n<p>1040 Echallens<\/p>\n<\/div><div class=\"fusion-clearfix\"><\/div><\/div><\/div><div class=\"fusion-layout-column fusion_builder_column fusion-builder-column-7 fusion_builder_column_1_4 1_4 fusion-one-fourth fusion-column-first fusion-column-no-min-height\" style=\"--awb-bg-position:center center;--awb-bg-size:cover;--awb-margin-bottom:0px;width:22%; margin-right: 4%;\"><div class=\"fusion-column-wrapper fusion-flex-column-wrapper-legacy\"><div class=\"fusion-text fusion-text-8\"><p><strong>Instructeurs<\/strong><\/p>\n<\/div><div class=\"fusion-clearfix\"><\/div><\/div><\/div><div class=\"fusion-layout-column fusion_builder_column fusion-builder-column-8 fusion_builder_column_3_4 3_4 fusion-three-fourth fusion-column-last fusion-column-no-min-height\" style=\"--awb-bg-position:center center;--awb-bg-size:cover;width:74%;\"><div class=\"fusion-column-wrapper fusion-flex-column-wrapper-legacy\"><div class=\"fusion-text fusion-text-9\"><p>FormaTec S\u00e0rl, Jean-Daniel Andrey<\/p>\n<\/div><div class=\"fusion-clearfix\"><\/div><\/div><\/div><div class=\"fusion-layout-column fusion_builder_column fusion-builder-column-9 fusion_builder_column_1_4 1_4 fusion-one-fourth fusion-column-first fusion-column-no-min-height\" style=\"--awb-bg-position:center center;--awb-bg-size:cover;--awb-margin-bottom:0px;width:22%; margin-right: 4%;\"><div class=\"fusion-column-wrapper fusion-flex-column-wrapper-legacy\"><div class=\"fusion-text fusion-text-10\"><p><strong>Organisateur cours<\/strong><\/p>\n<\/div><div class=\"fusion-clearfix\"><\/div><\/div><\/div><div class=\"fusion-layout-column fusion_builder_column fusion-builder-column-10 fusion_builder_column_3_4 3_4 fusion-three-fourth fusion-column-last fusion-column-no-min-height\" style=\"--awb-bg-position:center center;--awb-bg-size:cover;width:74%;\"><div class=\"fusion-column-wrapper fusion-flex-column-wrapper-legacy\"><div class=\"fusion-text fusion-text-11\"><p>Salquin Olivier, cours ASETA<\/p>\n<p>1513 Rossenges,<\/p>\n<p>075 429 81 18<\/p>\n<p>e-mail: olivier.salquin@svba.ch<\/p>\n<\/div><div class=\"fusion-clearfix\"><\/div><\/div><\/div><div class=\"fusion-layout-column fusion_builder_column fusion-builder-column-11 fusion_builder_column_1_4 1_4 fusion-one-fourth fusion-column-first fusion-column-no-min-height\" style=\"--awb-bg-position:center center;--awb-bg-size:cover;--awb-margin-bottom:0px;width:22%; margin-right: 4%;\"><div class=\"fusion-column-wrapper fusion-flex-column-wrapper-legacy\"><div class=\"fusion-text fusion-text-12\"><p><strong>Notes\u00a0<\/strong><\/p>\n<\/div><div class=\"fusion-clearfix\"><\/div><\/div><\/div><div class=\"fusion-layout-column fusion_builder_column fusion-builder-column-12 fusion_builder_column_3_4 3_4 fusion-three-fourth fusion-column-last fusion-column-no-min-height\" style=\"--awb-bg-position:center center;--awb-bg-size:cover;width:74%;\"><div class=\"fusion-column-wrapper fusion-flex-column-wrapper-legacy\"><div class=\"fusion-text fusion-text-13\"><p>de 7 au minimum \u00e0 10 au maximum<\/p>\n<\/div><div class=\"fusion-clearfix\"><\/div><\/div><\/div><div class=\"fusion-layout-column fusion_builder_column fusion-builder-column-13 fusion_builder_column_1_4 1_4 fusion-one-fourth fusion-column-first fusion-column-no-min-height\" style=\"--awb-bg-position:center center;--awb-bg-size:cover;--awb-margin-bottom:0px;width:22%; margin-right: 4%;\"><div class=\"fusion-column-wrapper fusion-flex-column-wrapper-legacy\"><div class=\"fusion-text fusion-text-14\"><p><strong>Frais de participation<\/strong><\/p>\n<\/div><div class=\"fusion-clearfix\"><\/div><\/div><\/div><div class=\"fusion-layout-column fusion_builder_column fusion-builder-column-14 fusion_builder_column_3_4 3_4 fusion-three-fourth fusion-column-last fusion-column-no-min-height\" style=\"--awb-bg-position:center center;--awb-bg-size:cover;width:74%;\"><div class=\"fusion-column-wrapper fusion-flex-column-wrapper-legacy\"><div class=\"fusion-text fusion-text-15\"><p>CHF 490.- \/ personne incluant :<\/p>\n<p>o Classeur avec support de cours papier<\/p>\n<p>o Caf\u00e9 \/ croissant d\u2019accueil<\/p>\n<p>o Pause matin (y.c. caf\u00e9 et viennoiserie)<\/p>\n<p>o Repas de midi<\/p>\n<p>o Pause apr\u00e8s-midi (y.c. caf\u00e9, fruit)<\/p>\n<p>o Eau min\u00e9rale en salle<\/p>\n<\/div><div class=\"fusion-clearfix\"><\/div><\/div><\/div><div class=\"fusion-layout-column fusion_builder_column fusion-builder-column-15 fusion_builder_column_1_4 1_4 fusion-one-fourth fusion-column-first fusion-column-no-min-height\" style=\"--awb-bg-position:center center;--awb-bg-size:cover;--awb-margin-bottom:0px;width:22%; margin-right: 4%;\"><div class=\"fusion-column-wrapper fusion-flex-column-wrapper-legacy\"><div class=\"fusion-text fusion-text-16\"><p><strong>Inscription<\/strong><\/p>\n<\/div><div class=\"fusion-clearfix\"><\/div><\/div><\/div><div class=\"fusion-layout-column fusion_builder_column fusion-builder-column-16 fusion_builder_column_3_4 3_4 fusion-three-fourth fusion-column-last fusion-column-no-min-height\" style=\"--awb-bg-position:center center;--awb-bg-size:cover;width:74%;\"><div class=\"fusion-column-wrapper fusion-flex-column-wrapper-legacy\"><div class=\"fusion-text fusion-text-17\"><p>Pour l&#8217;inscription veuillez envoyer un mail \u00e0 olivier.salquin@svba.ch<\/p>\n<\/div><div class=\"fusion-text fusion-text-18\"><p>Vous disposez de bonnes bases en hydraulique, mais vous souhaitez consolider celles-ci.<\/p>\n<p>Dans ce cas, ce cours est probablement fait pour vous.<\/p>\n<p>Ce cours est exclusivement th\u00e9orique et se d\u00e9roule en salle de classe.<\/p>\n<p>Il est en revanche tr\u00e8s orient\u00e9 pratique avec des exemples concrets.<\/p>\n<\/div><div class=\"fusion-clearfix\"><\/div><\/div><\/div><\/div><\/div><\/p>\n","protected":false},"excerpt":{"rendered":"","protected":false},"author":3880,"featured_media":0,"parent":12543,"menu_order":0,"comment_status":"closed","ping_status":"closed","template":"100-width.php","meta":{"footnotes":""},"_links":{"self":[{"href":"https:\/\/svba.ch\/fr\/wp-json\/wp\/v2\/pages\/108403"}],"collection":[{"href":"https:\/\/svba.ch\/fr\/wp-json\/wp\/v2\/pages"}],"about":[{"href":"https:\/\/svba.ch\/fr\/wp-json\/wp\/v2\/types\/page"}],"author":[{"embeddable":true,"href":"https:\/\/svba.ch\/fr\/wp-json\/wp\/v2\/users\/3880"}],"replies":[{"embeddable":true,"href":"https:\/\/svba.ch\/fr\/wp-json\/wp\/v2\/comments?post=108403"}],"version-history":[{"count":1,"href":"https:\/\/svba.ch\/fr\/wp-json\/wp\/v2\/pages\/108403\/revisions"}],"predecessor-version":[{"id":108405,"href":"https:\/\/svba.ch\/fr\/wp-json\/wp\/v2\/pages\/108403\/revisions\/108405"}],"up":[{"embeddable":true,"href":"https:\/\/svba.ch\/fr\/wp-json\/wp\/v2\/pages\/12543"}],"wp:attachment":[{"href":"https:\/\/svba.ch\/fr\/wp-json\/wp\/v2\/media?parent=108403"}],"curies":[{"name":"wp","href":"https:\/\/api.w.org\/{rel}","templated":true}]}}